{"id":29197,"date":"2023-10-07T10:32:55","date_gmt":"2023-10-07T08:32:55","guid":{"rendered":"https:\/\/sieffert-consulting.ch\/?page_id=29197"},"modified":"2023-12-28T17:08:09","modified_gmt":"2023-12-28T16:08:09","slug":"politique-de-confidentialite","status":"publish","type":"page","link":"https:\/\/sieffert-consulting.ch\/?page_id=29197","title":{"rendered":"Politique de confidentialit\u00e9"},"content":{"rendered":"\t\t<div data-elementor-type=\"wp-page\" data-elementor-id=\"29197\" class=\"elementor elementor-29197\" data-elementor-post-type=\"page\">\n\t\t\t\t<div class=\"elementor-element elementor-element-422ce844 e-flex e-con-boxed e-con e-parent\" data-id=\"422ce844\" data-element_type=\"container\" data-e-type=\"container\">\n\t\t\t\t\t<div class=\"e-con-inner\">\n\t\t\t\t<div class=\"elementor-element elementor-element-7816b840 elementor-widget elementor-widget-text-editor\" data-id=\"7816b840\" data-element_type=\"widget\" data-e-type=\"widget\" data-settings=\"{&quot;ultimate_floating_fx_translate_y&quot;:{&quot;unit&quot;:&quot;px&quot;,&quot;size&quot;:&quot;&quot;,&quot;sizes&quot;:[]}}\" data-widget_type=\"text-editor.default\">\n\t\t\t\t<div class=\"elementor-widget-container\">\n\t\t\t\t\t\t\t\t\t<p><strong><\/strong><\/p>\n<p><strong>Politique de Confidentialit\u00e9<\/strong><\/p>\n<p><span style=\"text-decoration: underline;\">Derni\u00e8re mise \u00e0 jour<\/span> : 01.10.2023<\/p>\n<p>La pr\u00e9sente Politique de Confidentialit\u00e9 vise \u00e0 vous informer sur la mani\u00e8re dont SIEFFERT Consulting collecte, utilise, partage et prot\u00e8ge les informations personnelles que vous nous fournissez lorsque vous visitez notre site web www.sieffert-consulting.ch.<\/p>\n<ol>\n<li><strong>Collecte des Informations Personnelles<\/strong><\/li>\n<\/ol>\n<p>Lorsque vous visitez notre site web, nous pouvons collecter les types d&rsquo;informations personnelles suivants :<\/p>\n<p>1.1. Informations d&rsquo;identification : Cela peut inclure votre nom, votre adresse e-mail, votre num\u00e9ro de t\u00e9l\u00e9phone, votre adresse postale et d&rsquo;autres informations similaires que vous nous fournissez lorsque vous remplissez des formulaires sur notre site.<\/p>\n<p>1.2. Informations de navigation : Nous pouvons collecter des informations sur votre navigation sur notre site, y compris les pages que vous consultez, les liens sur lesquels vous cliquez et d&rsquo;autres informations similaires.<\/p>\n<ol start=\"2\">\n<li><strong>Utilisation des Informations Personnelles<\/strong><\/li>\n<\/ol>\n<p>Nous utilisons les informations personnelles que nous collectons \u00e0 des fins telles que :<\/p>\n<p>2.1. Vous fournir les services demand\u00e9s sur notre site web.<\/p>\n<p>2.2. Vous envoyer des communications li\u00e9es \u00e0 nos produits, services, offres sp\u00e9ciales et promotions.<\/p>\n<p>2.3. Am\u00e9liorer la qualit\u00e9 de notre site web, nos produits et services en analysant les donn\u00e9es de navigation et les commentaires des utilisateurs.<\/p>\n<p>2.4. R\u00e9pondre \u00e0 vos questions, demandes ou pr\u00e9occupations.<\/p>\n<ol start=\"3\">\n<li><strong>Partage des Informations Personnelles<\/strong><\/li>\n<\/ol>\n<p>Nous ne partageons pas vos informations personnelles avec des tiers, sauf dans les cas suivants :<\/p>\n<p>3.1. Lorsque cela est n\u00e9cessaire pour fournir les services que vous avez demand\u00e9s.<\/p>\n<p>3.2. Lorsque cela est requis par la loi ou dans le cadre d&rsquo;une enqu\u00eate l\u00e9gale.<\/p>\n<p>3.3. Avec des fournisseurs de services tiers qui nous aident \u00e0 exploiter notre site web et \u00e0 fournir nos services.<\/p>\n<ol start=\"4\">\n<li><strong>Protection des Informations Personnelles<\/strong><\/li>\n<\/ol>\n<p>Nous prenons des mesures raisonnables pour prot\u00e9ger les informations personnelles que vous nous fournissez contre tout acc\u00e8s non autoris\u00e9, toute utilisation abusive, toute divulgation non autoris\u00e9e ou toute alt\u00e9ration. Cependant, aucune m\u00e9thode de transmission sur Internet ou de stockage \u00e9lectronique n&rsquo;est totalement s\u00e9curis\u00e9e, et nous ne pouvons garantir la s\u00e9curit\u00e9 absolue de vos informations.<\/p>\n<ol start=\"5\">\n<li><strong>Vos Choix et Vos Droits<\/strong><\/li>\n<\/ol>\n<p>Vous avez le droit de demander l&rsquo;acc\u00e8s \u00e0 vos informations personnelles que nous d\u00e9tenons, de les rectifier, de les supprimer ou de restreindre leur utilisation. Vous avez \u00e9galement le droit de vous opposer au traitement de vos informations personnelles \u00e0 des fins de marketing direct. Pour exercer ces droits, veuillez nous contacter \u00e0 info@sieffert-consulting.ch.<\/p>\n<ol start=\"6\">\n<li><strong>Modifications de la Politique de Confidentialit\u00e9<\/strong><\/li>\n<\/ol>\n<p>Nous nous r\u00e9servons le droit de modifier cette Politique de Confidentialit\u00e9 \u00e0 tout moment. Les modifications seront publi\u00e9es sur cette page avec une date de mise \u00e0 jour. Nous vous encourageons \u00e0 consulter r\u00e9guli\u00e8rement cette Politique de Confidentialit\u00e9 pour rester inform\u00e9(e) de nos pratiques en mati\u00e8re de confidentialit\u00e9.<\/p>\n<ol start=\"7\">\n<li><strong>Contact<\/strong><\/li>\n<\/ol>\n<p>Si vous avez des questions ou des pr\u00e9occupations concernant cette Politique de Confidentialit\u00e9, veuillez nous contacter \u00e0 info@sieffert-consulting.ch.<\/p>\n<p>En utilisant notre site web, vous acceptez les termes de cette Politique de Confidentialit\u00e9.<\/p>\n<p><strong>SIEFFERT Consulting<\/strong><\/p>\n<p>Rue de la Gare 4B<br>1197, Prangins<br>+41 22 552 44 01<\/p>\n<p><span style=\"text-decoration: underline;\">www.sieffert-consulting.ch<\/span><\/p>\n<p><\/p>\t\t\t\t\t\t\t\t<\/div>\n\t\t\t\t<\/div>\n\t\t\t\t\t<\/div>\n\t\t\t\t<\/div>\n\t\t<div class=\"elementor-element elementor-element-60a03d0 e-flex e-con-boxed e-con e-parent\" data-id=\"60a03d0\" data-element_type=\"container\" data-e-type=\"container\">\n\t\t\t\t\t<div class=\"e-con-inner\">\n\t\t\t\t<div class=\"elementor-element elementor-element-c6dd756 elementor-hidden-desktop elementor-hidden-tablet elementor-hidden-mobile elementor-shape-rounded elementor-grid-0 e-grid-align-center elementor-widget elementor-widget-social-icons\" data-id=\"c6dd756\" data-element_type=\"widget\" data-e-type=\"widget\" data-settings=\"{&quot;ultimate_floating_fx_translate_y&quot;:{&quot;unit&quot;:&quot;px&quot;,&quot;size&quot;:&quot;&quot;,&quot;sizes&quot;:[]}}\" data-widget_type=\"social-icons.default\">\n\t\t\t\t<div class=\"elementor-widget-container\">\n\t\t\t\t\t\t\t<div class=\"elementor-social-icons-wrapper elementor-grid\" role=\"list\">\n\t\t\t\t\t\t\t<span class=\"elementor-grid-item\" role=\"listitem\">\n\t\t\t\t\t<a class=\"elementor-icon elementor-social-icon elementor-social-icon-facebook elementor-repeater-item-86da2a4\" target=\"_blank\">\n\t\t\t\t\t\t<span class=\"elementor-screen-only\">Facebook<\/span>\n\t\t\t\t\t\t<i aria-hidden=\"true\" class=\"fab fa-facebook\"><\/i>\t\t\t\t\t<\/a>\n\t\t\t\t<\/span>\n\t\t\t\t\t\t\t<span class=\"elementor-grid-item\" role=\"listitem\">\n\t\t\t\t\t<a class=\"elementor-icon elementor-social-icon elementor-social-icon-twitter elementor-repeater-item-4cfb021\" target=\"_blank\">\n\t\t\t\t\t\t<span class=\"elementor-screen-only\">Twitter<\/span>\n\t\t\t\t\t\t<i aria-hidden=\"true\" class=\"fab fa-twitter\"><\/i>\t\t\t\t\t<\/a>\n\t\t\t\t<\/span>\n\t\t\t\t\t\t\t<span class=\"elementor-grid-item\" role=\"listitem\">\n\t\t\t\t\t<a class=\"elementor-icon elementor-social-icon elementor-social-icon-youtube elementor-repeater-item-3b6037e\" target=\"_blank\">\n\t\t\t\t\t\t<span class=\"elementor-screen-only\">Youtube<\/span>\n\t\t\t\t\t\t<i aria-hidden=\"true\" class=\"fab fa-youtube\"><\/i>\t\t\t\t\t<\/a>\n\t\t\t\t<\/span>\n\t\t\t\t\t<\/div>\n\t\t\t\t\t\t<\/div>\n\t\t\t\t<\/div>\n\t\t\t\t\t<\/div>\n\t\t\t\t<\/div>\n\t\t\t\t<\/div>\n\t\t","protected":false},"excerpt":{"rendered":"<p>Politique [&hellip;]<\/p>\n","protected":false},"author":1,"featured_media":0,"parent":0,"menu_order":0,"comment_status":"closed","ping_status":"closed","template":"template\/composer.php","meta":{"_uf_show_specific_survey":0,"_uf_disable_surveys":false,"footnotes":""},"class_list":["post-29197","page","type-page","status-publish","hentry","no-post-thumbnail"],"yoast_head":"<!-- This site is optimized with the Yoast SEO plugin v27.4 - https:\/\/yoast.com\/product\/yoast-seo-wordpress\/ -->\n<title>Politique de confidentialit\u00e9 - Sieffert Consulting<\/title>\n<meta name=\"robots\" content=\"index, follow, max-snippet:-1, max-image-preview:large, max-video-preview:-1\" \/>\n<link rel=\"canonical\" href=\"https:\/\/sieffert-consulting.ch\/?page_id=29197\" \/>\n<meta property=\"og:locale\" content=\"fr_FR\" \/>\n<meta property=\"og:type\" content=\"article\" \/>\n<meta property=\"og:title\" content=\"Politique de confidentialit\u00e9 - Sieffert Consulting\" \/>\n<meta property=\"og:description\" content=\"Politique [&hellip;]\" \/>\n<meta property=\"og:url\" content=\"https:\/\/sieffert-consulting.ch\/?page_id=29197\" \/>\n<meta property=\"og:site_name\" content=\"Sieffert Consulting\" \/>\n<meta property=\"article:publisher\" content=\"https:\/\/www.facebook.com\/profile.php?id=100063554143280\" \/>\n<meta property=\"article:modified_time\" content=\"2023-12-28T16:08:09+00:00\" \/>\n<meta property=\"og:image\" content=\"https:\/\/sieffert-consulting.ch\/wp-content\/uploads\/2023\/10\/Logo.jpg\" \/>\n\t<meta property=\"og:image:width\" content=\"393\" \/>\n\t<meta property=\"og:image:height\" content=\"403\" \/>\n\t<meta property=\"og:image:type\" content=\"image\/jpeg\" \/>\n<meta name=\"twitter:card\" content=\"summary_large_image\" \/>\n<meta name=\"twitter:label1\" content=\"Dur\u00e9e de lecture estim\u00e9e\" \/>\n\t<meta name=\"twitter:data1\" content=\"3 minutes\" \/>\n<script type=\"application\/ld+json\" class=\"yoast-schema-graph\">{\"@context\":\"https:\\\/\\\/schema.org\",\"@graph\":[{\"@type\":\"WebPage\",\"@id\":\"https:\\\/\\\/sieffert-consulting.ch\\\/?page_id=29197\",\"url\":\"https:\\\/\\\/sieffert-consulting.ch\\\/?page_id=29197\",\"name\":\"Politique de confidentialit\u00e9 - Sieffert Consulting\",\"isPartOf\":{\"@id\":\"https:\\\/\\\/sieffert-consulting.ch\\\/#website\"},\"datePublished\":\"2023-10-07T08:32:55+00:00\",\"dateModified\":\"2023-12-28T16:08:09+00:00\",\"breadcrumb\":{\"@id\":\"https:\\\/\\\/sieffert-consulting.ch\\\/?page_id=29197#breadcrumb\"},\"inLanguage\":\"fr-FR\",\"potentialAction\":[{\"@type\":\"ReadAction\",\"target\":[\"https:\\\/\\\/sieffert-consulting.ch\\\/?page_id=29197\"]}]},{\"@type\":\"BreadcrumbList\",\"@id\":\"https:\\\/\\\/sieffert-consulting.ch\\\/?page_id=29197#breadcrumb\",\"itemListElement\":[{\"@type\":\"ListItem\",\"position\":1,\"name\":\"Accueil\",\"item\":\"https:\\\/\\\/sieffert-consulting.ch\\\/\"},{\"@type\":\"ListItem\",\"position\":2,\"name\":\"Politique de confidentialit\u00e9\"}]},{\"@type\":\"WebSite\",\"@id\":\"https:\\\/\\\/sieffert-consulting.ch\\\/#website\",\"url\":\"https:\\\/\\\/sieffert-consulting.ch\\\/\",\"name\":\"Sieffert Consulting\",\"description\":\"Your IT Partner\",\"publisher\":{\"@id\":\"https:\\\/\\\/sieffert-consulting.ch\\\/#organization\"},\"potentialAction\":[{\"@type\":\"SearchAction\",\"target\":{\"@type\":\"EntryPoint\",\"urlTemplate\":\"https:\\\/\\\/sieffert-consulting.ch\\\/?s={search_term_string}\"},\"query-input\":{\"@type\":\"PropertyValueSpecification\",\"valueRequired\":true,\"valueName\":\"search_term_string\"}}],\"inLanguage\":\"fr-FR\"},{\"@type\":\"Organization\",\"@id\":\"https:\\\/\\\/sieffert-consulting.ch\\\/#organization\",\"name\":\"SIEFFERT Consulting\",\"alternateName\":\"SIEFFERT Consulting\",\"url\":\"https:\\\/\\\/sieffert-consulting.ch\\\/\",\"logo\":{\"@type\":\"ImageObject\",\"inLanguage\":\"fr-FR\",\"@id\":\"https:\\\/\\\/sieffert-consulting.ch\\\/#\\\/schema\\\/logo\\\/image\\\/\",\"url\":\"https:\\\/\\\/sieffert-consulting.ch\\\/wp-content\\\/uploads\\\/2023\\\/10\\\/Logo.jpg\",\"contentUrl\":\"https:\\\/\\\/sieffert-consulting.ch\\\/wp-content\\\/uploads\\\/2023\\\/10\\\/Logo.jpg\",\"width\":393,\"height\":403,\"caption\":\"SIEFFERT Consulting\"},\"image\":{\"@id\":\"https:\\\/\\\/sieffert-consulting.ch\\\/#\\\/schema\\\/logo\\\/image\\\/\"},\"sameAs\":[\"https:\\\/\\\/www.facebook.com\\\/profile.php?id=100063554143280\"]}]}<\/script>\n<!-- \/ Yoast SEO plugin. -->","yoast_head_json":{"title":"Politique de confidentialit\u00e9 - Sieffert Consulting","robots":{"index":"index","follow":"follow","max-snippet":"max-snippet:-1","max-image-preview":"max-image-preview:large","max-video-preview":"max-video-preview:-1"},"canonical":"https:\/\/sieffert-consulting.ch\/?page_id=29197","og_locale":"fr_FR","og_type":"article","og_title":"Politique de confidentialit\u00e9 - Sieffert Consulting","og_description":"Politique [&hellip;]","og_url":"https:\/\/sieffert-consulting.ch\/?page_id=29197","og_site_name":"Sieffert Consulting","article_publisher":"https:\/\/www.facebook.com\/profile.php?id=100063554143280","article_modified_time":"2023-12-28T16:08:09+00:00","og_image":[{"width":393,"height":403,"url":"https:\/\/sieffert-consulting.ch\/wp-content\/uploads\/2023\/10\/Logo.jpg","type":"image\/jpeg"}],"twitter_card":"summary_large_image","twitter_misc":{"Dur\u00e9e de lecture estim\u00e9e":"3 minutes"},"schema":{"@context":"https:\/\/schema.org","@graph":[{"@type":"WebPage","@id":"https:\/\/sieffert-consulting.ch\/?page_id=29197","url":"https:\/\/sieffert-consulting.ch\/?page_id=29197","name":"Politique de confidentialit\u00e9 - Sieffert Consulting","isPartOf":{"@id":"https:\/\/sieffert-consulting.ch\/#website"},"datePublished":"2023-10-07T08:32:55+00:00","dateModified":"2023-12-28T16:08:09+00:00","breadcrumb":{"@id":"https:\/\/sieffert-consulting.ch\/?page_id=29197#breadcrumb"},"inLanguage":"fr-FR","potentialAction":[{"@type":"ReadAction","target":["https:\/\/sieffert-consulting.ch\/?page_id=29197"]}]},{"@type":"BreadcrumbList","@id":"https:\/\/sieffert-consulting.ch\/?page_id=29197#breadcrumb","itemListElement":[{"@type":"ListItem","position":1,"name":"Accueil","item":"https:\/\/sieffert-consulting.ch\/"},{"@type":"ListItem","position":2,"name":"Politique de confidentialit\u00e9"}]},{"@type":"WebSite","@id":"https:\/\/sieffert-consulting.ch\/#website","url":"https:\/\/sieffert-consulting.ch\/","name":"Sieffert Consulting","description":"Your IT Partner","publisher":{"@id":"https:\/\/sieffert-consulting.ch\/#organization"},"potentialAction":[{"@type":"SearchAction","target":{"@type":"EntryPoint","urlTemplate":"https:\/\/sieffert-consulting.ch\/?s={search_term_string}"},"query-input":{"@type":"PropertyValueSpecification","valueRequired":true,"valueName":"search_term_string"}}],"inLanguage":"fr-FR"},{"@type":"Organization","@id":"https:\/\/sieffert-consulting.ch\/#organization","name":"SIEFFERT Consulting","alternateName":"SIEFFERT Consulting","url":"https:\/\/sieffert-consulting.ch\/","logo":{"@type":"ImageObject","inLanguage":"fr-FR","@id":"https:\/\/sieffert-consulting.ch\/#\/schema\/logo\/image\/","url":"https:\/\/sieffert-consulting.ch\/wp-content\/uploads\/2023\/10\/Logo.jpg","contentUrl":"https:\/\/sieffert-consulting.ch\/wp-content\/uploads\/2023\/10\/Logo.jpg","width":393,"height":403,"caption":"SIEFFERT Consulting"},"image":{"@id":"https:\/\/sieffert-consulting.ch\/#\/schema\/logo\/image\/"},"sameAs":["https:\/\/www.facebook.com\/profile.php?id=100063554143280"]}]}},"_links":{"self":[{"href":"https:\/\/sieffert-consulting.ch\/index.php?rest_route=\/wp\/v2\/pages\/29197","targetHints":{"allow":["GET"]}}],"collection":[{"href":"https:\/\/sieffert-consulting.ch\/index.php?rest_route=\/wp\/v2\/pages"}],"about":[{"href":"https:\/\/sieffert-consulting.ch\/index.php?rest_route=\/wp\/v2\/types\/page"}],"author":[{"embeddable":true,"href":"https:\/\/sieffert-consulting.ch\/index.php?rest_route=\/wp\/v2\/users\/1"}],"replies":[{"embeddable":true,"href":"https:\/\/sieffert-consulting.ch\/index.php?rest_route=%2Fwp%2Fv2%2Fcomments&post=29197"}],"version-history":[{"count":22,"href":"https:\/\/sieffert-consulting.ch\/index.php?rest_route=\/wp\/v2\/pages\/29197\/revisions"}],"predecessor-version":[{"id":29692,"href":"https:\/\/sieffert-consulting.ch\/index.php?rest_route=\/wp\/v2\/pages\/29197\/revisions\/29692"}],"wp:attachment":[{"href":"https:\/\/sieffert-consulting.ch\/index.php?rest_route=%2Fwp%2Fv2%2Fmedia&parent=29197"}],"curies":[{"name":"wp","href":"https:\/\/api.w.org\/{rel}","templated":true}]}}